{"id":105,"date":"2014-11-16T09:05:27","date_gmt":"2014-11-16T09:05:27","guid":{"rendered":"http:\/\/fwv-schramberg.de\/?page_id=105"},"modified":"2026-02-14T11:19:18","modified_gmt":"2026-02-14T11:19:18","slug":"mitgliedschaft","status":"publish","type":"page","link":"https:\/\/fwv-schramberg.de\/?page_id=105","title":{"rendered":"Mitgliedschaft"},"content":{"rendered":"<p>Sie wollen uns als aktives oder passives Mitglied bei der freien W\u00e4hlervereinigung Schramberg e.V. unterst\u00fctzen?<\/p>\n<p>Dann senden Sie bitte die ausgef\u00fcllte und unterschriebene Beitrittserkl\u00e4rung per Foto an folgende Adresse:<\/p>\n<p><span data-olk-copy-source=\"MessageBody\">E-Mail: info@fwv-schramberg.de<\/span><\/p>\n<p>Wir melden uns dann bei Ihnen f\u00fcr weitere Informationen.<\/p>\n<p>Danke f\u00fcr Ihre Bem\u00fchungen.<\/p>\n<hr \/>\n<p><strong>Die Beitrittserkl\u00e4rung finden Sie hier:\u00a0<a href=\"http:\/\/fwv-schramberg.de\/wp-content\/uploads\/2018\/11\/BEITRITTSERKLAERUNG_2018.pdf\">Beitrittserkl\u00e4rung 2018<\/a><\/strong><\/p>\n<p><strong>Unsere Satzung finden Sie hier: <a href=\"http:\/\/fwv-schramberg.de\/wp-content\/uploads\/2018\/11\/Satzung-der-Freien-W\u00e4hlervereinigung-Schramberg-2017.pdf\">Satzung 2017<\/a><\/strong><\/p>\n<hr \/>\n<p>Sollten Sie noch Fragen haben oder Unterst\u00fctzung ben\u00f6tigen, wenden Sie sich einfach an eines unserer Mitglieder. Wir helfen Ihnen gerne weiter!<\/p>\n","protected":false},"excerpt":{"rendered":"<p>Sie wollen uns als aktives oder passives Mitglied bei der freien W\u00e4hlervereinigung Schramberg e.V. unterst\u00fctzen? Dann senden Sie bitte die ausgef\u00fcllte und unterschriebene Beitrittserkl\u00e4rung per Foto an folgende Adresse: E-Mail: info@fwv-schramberg.de Wir melden uns dann bei Ihnen f\u00fcr weitere Informationen. Danke f\u00fcr Ihre Bem\u00fchungen. Die Beitrittserkl\u00e4rung finden Sie hier:\u00a0Beitrittserkl\u00e4rung 2018 Unsere Satzung finden Sie hier: &#8230; <a title=\"Mitgliedschaft\" class=\"read-more\" href=\"https:\/\/fwv-schramberg.de\/?page_id=105\" aria-label=\"Mehr Informationen \u00fcber Mitgliedschaft\">Weiterlesen<\/a><\/p>\n","protected":false},"author":1,"featured_media":0,"parent":0,"menu_order":6,"comment_status":"closed","ping_status":"closed","template":"","meta":{"footnotes":""},"class_list":["post-105","page","type-page","status-publish"],"_links":{"self":[{"href":"https:\/\/fwv-schramberg.de\/index.php?rest_route=\/wp\/v2\/pages\/105","targetHints":{"allow":["GET"]}}],"collection":[{"href":"https:\/\/fwv-schramberg.de\/index.php?rest_route=\/wp\/v2\/pages"}],"about":[{"href":"https:\/\/fwv-schramberg.de\/index.php?rest_route=\/wp\/v2\/types\/page"}],"author":[{"embeddable":true,"href":"https:\/\/fwv-schramberg.de\/index.php?rest_route=\/wp\/v2\/users\/1"}],"replies":[{"embeddable":true,"href":"https:\/\/fwv-schramberg.de\/index.php?rest_route=%2Fwp%2Fv2%2Fcomments&post=105"}],"version-history":[{"count":12,"href":"https:\/\/fwv-schramberg.de\/index.php?rest_route=\/wp\/v2\/pages\/105\/revisions"}],"predecessor-version":[{"id":616,"href":"https:\/\/fwv-schramberg.de\/index.php?rest_route=\/wp\/v2\/pages\/105\/revisions\/616"}],"wp:attachment":[{"href":"https:\/\/fwv-schramberg.de\/index.php?rest_route=%2Fwp%2Fv2%2Fmedia&parent=105"}],"curies":[{"name":"wp","href":"https:\/\/api.w.org\/{rel}","templated":true}]}}